{"id":483,"date":"2022-03-24T20:10:46","date_gmt":"2022-03-24T20:10:46","guid":{"rendered":"http:\/\/tv-menden.info\/?page_id=483"},"modified":"2025-12-19T13:09:06","modified_gmt":"2025-12-19T13:09:06","slug":"anmeldung","status":"publish","type":"page","link":"https:\/\/tv-menden.info\/?page_id=483","title":{"rendered":"Anmeldung"},"content":{"rendered":"\t\t<div data-elementor-type=\"wp-page\" data-elementor-id=\"483\" class=\"elementor elementor-483\">\n\t\t\t\t\t\t<section class=\"elementor-section elementor-top-section elementor-element elementor-element-1ed53b2 elementor-section-boxed elementor-section-height-default elementor-section-height-default\" data-id=\"1ed53b2\" data-element_type=\"section\" data-e-type=\"section\">\n\t\t\t\t\t\t<div class=\"elementor-container elementor-column-gap-default\">\n\t\t\t\t\t<div class=\"elementor-column elementor-col-100 elementor-top-column elementor-element elementor-element-4b277c3\" data-id=\"4b277c3\" data-element_type=\"column\" data-e-type=\"column\">\n\t\t\t<div class=\"elementor-widget-wrap elementor-element-populated\">\n\t\t\t\t\t\t<div class=\"elementor-element elementor-element-6ee2832 elementor-widget__width-initial elementor-widget elementor-widget-text-editor\" data-id=\"6ee2832\" data-element_type=\"widget\" data-e-type=\"widget\" data-widget_type=\"text-editor.default\">\n\t\t\t\t<div class=\"elementor-widget-container\">\n\t\t\t\t\t\t\t\t\t<p>F\u00fcr die Anmeldung nutzen Sie bitte den Aufnahmeantrag. Um das Formular an Ihrem Rechner auszuf\u00fcllen \u00f6ffnen Sie es bitte mit dem Acrobat Reader oder einem anderen geeigneten Programm. Bei der Anzeige im Browser lassen sich die ausf\u00fcllbaren Felder m\u00f6glicherweise nicht bearbeiten. Drucken Sie den ausgef\u00fcllten Aufnahmeantrag (Seite 1-3) aus, &#8211; Unterschrift nicht vergessen &#8211; und geben nur diese Seiten beim \u00dcbungsleiter ab oder werfen ihn in den Briefkasten am Schwarzen Brett des TV Menden in der Sporthalle ein.\u00a0 Sollte das Ausf\u00fcllen am Computer nicht funktionieren, k\u00f6nnen Sie die Anmeldung auch von Hand ausf\u00fcllen. Die Anmeldung k\u00f6nnen Sie auch an TV Menden &#8211; Behringstra\u00dfe 10 &#8211; 53757 Sankt Augustin senden. Alternativ k\u00f6nnen Sie das unterschriebene Exemplar einscannen (kein Foto!) und als <span style=\"color: var( --e-global-color-text ); background-color: var(--nv-site-bg); font-size: var(--bodyFontSize); letter-spacing: var(--bodyLetterSpacing); text-transform: var(--bodyTextTransform);\">\u00a0E-Mail an <\/span><strong style=\"color: var( --e-global-color-text ); background-color: var(--nv-site-bg); font-size: var(--bodyFontSize); letter-spacing: var(--bodyLetterSpacing); text-transform: var(--bodyTextTransform);\">juergen.muhr@tv-menden.de<\/strong><span style=\"color: var( --e-global-color-text ); background-color: var(--nv-site-bg); font-size: var(--bodyFontSize); letter-spacing: var(--bodyLetterSpacing); text-transform: var(--bodyTextTransform);\"> senden.<\/span><\/p>\t\t\t\t\t\t\t\t<\/div>\n\t\t\t\t<\/div>\n\t\t\t\t\t<\/div>\n\t\t<\/div>\n\t\t\t\t\t<\/div>\n\t\t<\/section>\n\t\t\t\t<section class=\"elementor-section elementor-top-section elementor-element elementor-element-ac69eb2 elementor-section-boxed elementor-section-height-default elementor-section-height-default\" data-id=\"ac69eb2\" data-element_type=\"section\" data-e-type=\"section\">\n\t\t\t\t\t\t<div class=\"elementor-container elementor-column-gap-default\">\n\t\t\t\t\t<div class=\"elementor-column elementor-col-100 elementor-top-column elementor-element elementor-element-7a8a6b6\" data-id=\"7a8a6b6\" data-element_type=\"column\" data-e-type=\"column\">\n\t\t\t<div class=\"elementor-widget-wrap elementor-element-populated\">\n\t\t\t\t\t\t<div class=\"elementor-element elementor-element-6768599 elementor-align-center elementor-widget elementor-widget-button\" data-id=\"6768599\" data-element_type=\"widget\" data-e-type=\"widget\" data-widget_type=\"button.default\">\n\t\t\t\t<div class=\"elementor-widget-container\">\n\t\t\t\t\t\t\t\t\t<div class=\"elementor-button-wrapper\">\n\t\t\t\t\t<a class=\"elementor-button elementor-button-link elementor-size-lg\" href=\"https:\/\/tv-menden.info\/wp-content\/uploads\/2025\/12\/tvm-aufnahmeantrag-260101.pdf\">\n\t\t\t\t\t\t<span class=\"elementor-button-content-wrapper\">\n\t\t\t\t\t\t\t\t\t<span class=\"elementor-button-text\">Aufnahmeantrag Download<\/span>\n\t\t\t\t\t<\/span>\n\t\t\t\t\t<\/a>\n\t\t\t\t<\/div>\n\t\t\t\t\t\t\t\t<\/div>\n\t\t\t\t<\/div>\n\t\t\t\t\t<\/div>\n\t\t<\/div>\n\t\t\t\t\t<\/div>\n\t\t<\/section>\n\t\t\t\t<\/div>\n\t\t","protected":false},"excerpt":{"rendered":"<p>F\u00fcr die Anmeldung nutzen Sie bitte den Aufnahmeantrag. Um das Formular an Ihrem Rechner auszuf\u00fcllen \u00f6ffnen Sie es bitte mit dem Acrobat Reader oder einem [&#8230;]<\/p>\n","protected":false},"author":1,"featured_media":0,"parent":0,"menu_order":0,"comment_status":"closed","ping_status":"closed","template":"","meta":{"footnotes":""},"class_list":["post-483","page","type-page","status-publish","hentry"],"jetpack_sharing_enabled":true,"_links":{"self":[{"href":"https:\/\/tv-menden.info\/index.php?rest_route=\/wp\/v2\/pages\/483","targetHints":{"allow":["GET"]}}],"collection":[{"href":"https:\/\/tv-menden.info\/index.php?rest_route=\/wp\/v2\/pages"}],"about":[{"href":"https:\/\/tv-menden.info\/index.php?rest_route=\/wp\/v2\/types\/page"}],"author":[{"embeddable":true,"href":"https:\/\/tv-menden.info\/index.php?rest_route=\/wp\/v2\/users\/1"}],"replies":[{"embeddable":true,"href":"https:\/\/tv-menden.info\/index.php?rest_route=%2Fwp%2Fv2%2Fcomments&post=483"}],"version-history":[{"count":46,"href":"https:\/\/tv-menden.info\/index.php?rest_route=\/wp\/v2\/pages\/483\/revisions"}],"predecessor-version":[{"id":2659,"href":"https:\/\/tv-menden.info\/index.php?rest_route=\/wp\/v2\/pages\/483\/revisions\/2659"}],"wp:attachment":[{"href":"https:\/\/tv-menden.info\/index.php?rest_route=%2Fwp%2Fv2%2Fmedia&parent=483"}],"curies":[{"name":"wp","href":"https:\/\/api.w.org\/{rel}","templated":true}]}}