{"id":64,"date":"2022-02-22T08:16:58","date_gmt":"2022-02-22T08:16:58","guid":{"rendered":"http:\/\/tv-menden.info\/?page_id=64"},"modified":"2026-03-17T21:47:00","modified_gmt":"2026-03-17T21:47:00","slug":"taenzerische-gymnastik","status":"publish","type":"page","link":"https:\/\/tv-menden.info\/?page_id=64","title":{"rendered":"Luftakrobatik und T\u00e4nzerische Gymnastik"},"content":{"rendered":"\t\t<div data-elementor-type=\"wp-page\" data-elementor-id=\"64\" class=\"elementor elementor-64\">\n\t\t\t\t\t\t<section class=\"elementor-section elementor-top-section elementor-element elementor-element-48e4e38 elementor-section-boxed elementor-section-height-default elementor-section-height-default\" data-id=\"48e4e38\" data-element_type=\"section\" data-e-type=\"section\">\n\t\t\t\t\t\t<div class=\"elementor-container elementor-column-gap-default\">\n\t\t\t\t\t<div class=\"elementor-column elementor-col-100 elementor-top-column elementor-element elementor-element-0314eec\" data-id=\"0314eec\" data-element_type=\"column\" data-e-type=\"column\">\n\t\t\t<div class=\"elementor-widget-wrap elementor-element-populated\">\n\t\t\t\t\t\t<div class=\"elementor-element elementor-element-b452486 elementor-widget elementor-widget-spacer\" data-id=\"b452486\" data-element_type=\"widget\" data-e-type=\"widget\" data-widget_type=\"spacer.default\">\n\t\t\t\t<div class=\"elementor-widget-container\">\n\t\t\t\t\t\t\t<div class=\"elementor-spacer\">\n\t\t\t<div class=\"elementor-spacer-inner\"><\/div>\n\t\t<\/div>\n\t\t\t\t\t\t<\/div>\n\t\t\t\t<\/div>\n\t\t\t\t\t<\/div>\n\t\t<\/div>\n\t\t\t\t\t<\/div>\n\t\t<\/section>\n\t\t\t\t<section class=\"elementor-section elementor-top-section elementor-element elementor-element-3625f60 elementor-section-boxed elementor-section-height-default elementor-section-height-default\" data-id=\"3625f60\" data-element_type=\"section\" data-e-type=\"section\">\n\t\t\t\t\t\t<div class=\"elementor-container elementor-column-gap-default\">\n\t\t\t\t\t<div class=\"elementor-column elementor-col-100 elementor-top-column elementor-element elementor-element-7b2495f\" data-id=\"7b2495f\" data-element_type=\"column\" data-e-type=\"column\">\n\t\t\t<div class=\"elementor-widget-wrap elementor-element-populated\">\n\t\t\t\t\t\t<div class=\"elementor-element elementor-element-234a11c elementor-widget elementor-widget-heading\" data-id=\"234a11c\" data-element_type=\"widget\" data-e-type=\"widget\" data-widget_type=\"heading.default\">\n\t\t\t\t<div class=\"elementor-widget-container\">\n\t\t\t\t\t<h4 class=\"elementor-heading-title elementor-size-default\">Termine: Mittwoch 16:30 Uhr und 17:30 Uhr sowie Freitag von 17:30 - 19:00 Uhr<span style=\"font-family: var( --e-global-typography-primary-font-family ), Sans-serif;font-size: var(--h4fontsize);font-weight: var( --e-global-typography-primary-font-weight );letter-spacing: var(--h4letterspacing);text-transform: var(--h4texttransform);background-color: var(--nv-site-bg)\"><\/span><br><\/h4>\t\t\t\t<\/div>\n\t\t\t\t<\/div>\n\t\t\t\t\t<\/div>\n\t\t<\/div>\n\t\t\t\t\t<\/div>\n\t\t<\/section>\n\t\t\t\t<section class=\"elementor-section elementor-top-section elementor-element elementor-element-8bef4f6 elementor-section-boxed elementor-section-height-default elementor-section-height-default\" data-id=\"8bef4f6\" data-element_type=\"section\" data-e-type=\"section\">\n\t\t\t\t\t\t<div class=\"elementor-container elementor-column-gap-default\">\n\t\t\t\t\t<div class=\"elementor-column elementor-col-100 elementor-top-column elementor-element elementor-element-3b1b5cf\" data-id=\"3b1b5cf\" data-element_type=\"column\" data-e-type=\"column\">\n\t\t\t<div class=\"elementor-widget-wrap elementor-element-populated\">\n\t\t\t\t\t\t<div class=\"elementor-element elementor-element-bab666c elementor-widget elementor-widget-heading\" data-id=\"bab666c\" data-element_type=\"widget\" data-e-type=\"widget\" data-widget_type=\"heading.default\">\n\t\t\t\t<div class=\"elementor-widget-container\">\n\t\t\t\t\t<h2 class=\"elementor-heading-title elementor-size-default\">Luftakrobatik mit Diana <\/h2>\t\t\t\t<\/div>\n\t\t\t\t<\/div>\n\t\t\t\t\t<\/div>\n\t\t<\/div>\n\t\t\t\t\t<\/div>\n\t\t<\/section>\n\t\t\t\t<section class=\"elementor-section elementor-top-section elementor-element elementor-element-063e8ec elementor-section-boxed elementor-section-height-default elementor-section-height-default\" data-id=\"063e8ec\" data-element_type=\"section\" data-e-type=\"section\">\n\t\t\t\t\t\t<div class=\"elementor-container elementor-column-gap-default\">\n\t\t\t\t\t<div class=\"elementor-column elementor-col-33 elementor-top-column elementor-element elementor-element-c0f3bac\" data-id=\"c0f3bac\" data-element_type=\"column\" data-e-type=\"column\">\n\t\t\t<div class=\"elementor-widget-wrap elementor-element-populated\">\n\t\t\t\t\t\t<div class=\"elementor-element elementor-element-9643204 elementor-widget elementor-widget-image\" data-id=\"9643204\" data-element_type=\"widget\" data-e-type=\"widget\" data-widget_type=\"image.default\">\n\t\t\t\t<div class=\"elementor-widget-container\">\n\t\t\t\t\t\t\t\t\t\t\t\t\t\t\t\t<a href=\"http:\/\/tv-menden.info\/wp-content\/uploads\/2022\/11\/IMG-20221120-WA0001.jpg\" data-elementor-open-lightbox=\"yes\" data-elementor-lightbox-title=\"IMG-20221120-WA0001\" data-e-action-hash=\"#elementor-action%3Aaction%3Dlightbox%26settings%3DeyJpZCI6MTE4NCwidXJsIjoiaHR0cHM6XC9cL3R2LW1lbmRlbi5pbmZvXC93cC1jb250ZW50XC91cGxvYWRzXC8yMDIyXC8xMVwvSU1HLTIwMjIxMTIwLVdBMDAwMS5qcGcifQ%3D%3D\">\n\t\t\t\t\t\t\t<img fetchpriority=\"high\" decoding=\"async\" width=\"661\" height=\"1024\" src=\"https:\/\/tv-menden.info\/wp-content\/uploads\/2022\/11\/IMG-20221120-WA0001-661x1024.jpg\" class=\"attachment-large size-large wp-image-1184\" alt=\"\" srcset=\"https:\/\/tv-menden.info\/wp-content\/uploads\/2022\/11\/IMG-20221120-WA0001-661x1024.jpg 661w, https:\/\/tv-menden.info\/wp-content\/uploads\/2022\/11\/IMG-20221120-WA0001-194x300.jpg 194w, https:\/\/tv-menden.info\/wp-content\/uploads\/2022\/11\/IMG-20221120-WA0001-768x1191.jpg 768w, https:\/\/tv-menden.info\/wp-content\/uploads\/2022\/11\/IMG-20221120-WA0001.jpg 787w\" sizes=\"(max-width: 661px) 100vw, 661px\" \/>\t\t\t\t\t\t\t\t<\/a>\n\t\t\t\t\t\t\t\t\t\t\t\t\t\t\t<\/div>\n\t\t\t\t<\/div>\n\t\t\t\t\t<\/div>\n\t\t<\/div>\n\t\t\t\t<div class=\"elementor-column elementor-col-66 elementor-top-column elementor-element elementor-element-9b1706b\" data-id=\"9b1706b\" data-element_type=\"column\" data-e-type=\"column\">\n\t\t\t<div class=\"elementor-widget-wrap elementor-element-populated\">\n\t\t\t\t\t\t<div class=\"elementor-element elementor-element-ab3fd32 elementor-widget elementor-widget-text-editor\" data-id=\"ab3fd32\" data-element_type=\"widget\" data-e-type=\"widget\" data-widget_type=\"text-editor.default\">\n\t\t\t\t<div class=\"elementor-widget-container\">\n\t\t\t\t\t\t\t\t\t<p>Tauche ein in die Welt der Luftakrobatik und t\u00e4nzerischen Gymnastik mit Diana Kolosova, 19 Jahre alt! \ud83c\udf1f<\/p><p>Du m\u00f6chtest die Schwerelosigkeit der Luft sp\u00fcren und dabei deine K\u00f6rperbeherrschung verbessern? Dann bist du bei meinem Kurs genau richtig! Als erfahrene Luftakrobatin, die bereits seit dem zarten Alter von 6 Jahren trainiert, teile ich gerne mein Wissen und meine Leidenschaft mit dir.<\/p><p>Mit 15 Jahren begann ich als Helferin in der Luftakrobatik zu arbeiten und habe mich seitdem kontinuierlich weiterentwickelt. Nun strebe ich meinen Trainerschein an, um mein Fachwissen offiziell zu vertiefen und mit anderen zu teilen.<\/p><p>In meinem Kurs bieten wir Trainingseinheiten an Luftringen und am Tuch an, um die Grundlagen der Luftakrobatik zu erlernen und zu perfektionieren. Aber das ist noch nicht alles! Wir integrieren auch t\u00e4nzerische Gymnastik\u00fcbungen, um deine Beweglichkeit und Eleganz zu steigern.<\/p><p>Und keine Sorge, der Spa\u00df kommt bei uns nicht zu kurz! Zwischen den \u00dcbungen spielen wir gerne verschiedene Spiele, um den Kurs dynamisch und unterhaltsam zu gestalten.<\/p><p>Bist du bereit, deine Grenzen zu \u00fcberschreiten und in die Welt der Luftakrobatik einzutauchen? Dann melde dich jetzt f\u00fcr meinen Kurs an und lass uns gemeinsam abheben! \u2728<\/p><p>Komm vorbei &#8211; mach mit!<\/p><p>Diana Kolosova.<\/p>\t\t\t\t\t\t\t\t<\/div>\n\t\t\t\t<\/div>\n\t\t\t\t\t<\/div>\n\t\t<\/div>\n\t\t\t\t\t<\/div>\n\t\t<\/section>\n\t\t\t\t<section class=\"elementor-section elementor-top-section elementor-element elementor-element-2c664b5 elementor-section-boxed elementor-section-height-default elementor-section-height-default\" data-id=\"2c664b5\" data-element_type=\"section\" data-e-type=\"section\">\n\t\t\t\t\t\t<div class=\"elementor-container elementor-column-gap-default\">\n\t\t\t\t\t<div class=\"elementor-column elementor-col-100 elementor-top-column elementor-element elementor-element-2f32f57\" data-id=\"2f32f57\" data-element_type=\"column\" data-e-type=\"column\">\n\t\t\t<div class=\"elementor-widget-wrap elementor-element-populated\">\n\t\t\t\t\t\t<div class=\"elementor-element elementor-element-c6636a8 elementor-widget-divider--view-line elementor-widget elementor-widget-divider\" data-id=\"c6636a8\" data-element_type=\"widget\" data-e-type=\"widget\" data-widget_type=\"divider.default\">\n\t\t\t\t<div class=\"elementor-widget-container\">\n\t\t\t\t\t\t\t<div class=\"elementor-divider\">\n\t\t\t<span class=\"elementor-divider-separator\">\n\t\t\t\t\t\t<\/span>\n\t\t<\/div>\n\t\t\t\t\t\t<\/div>\n\t\t\t\t<\/div>\n\t\t\t\t\t<\/div>\n\t\t<\/div>\n\t\t\t\t\t<\/div>\n\t\t<\/section>\n\t\t\t\t<section class=\"elementor-section elementor-top-section elementor-element elementor-element-d265341 elementor-section-boxed elementor-section-height-default elementor-section-height-default\" data-id=\"d265341\" data-element_type=\"section\" data-e-type=\"section\">\n\t\t\t\t\t\t<div class=\"elementor-container elementor-column-gap-default\">\n\t\t\t\t\t<div class=\"elementor-column elementor-col-100 elementor-top-column elementor-element elementor-element-164e6e1\" data-id=\"164e6e1\" data-element_type=\"column\" data-e-type=\"column\">\n\t\t\t<div class=\"elementor-widget-wrap elementor-element-populated\">\n\t\t\t\t\t\t<div class=\"elementor-element elementor-element-8d97f52 elementor-widget elementor-widget-heading\" data-id=\"8d97f52\" data-element_type=\"widget\" data-e-type=\"widget\" data-widget_type=\"heading.default\">\n\t\t\t\t<div class=\"elementor-widget-container\">\n\t\t\t\t\t<h2 class=\"elementor-heading-title elementor-size-default\"><a href=\"http:\/\/T\u00e4nzerische%20Gymnastik%20mit%20Anna\">T\u00e4nzerische Gymnastik mit Anna<\/a><\/h2>\t\t\t\t<\/div>\n\t\t\t\t<\/div>\n\t\t\t\t\t<\/div>\n\t\t<\/div>\n\t\t\t\t\t<\/div>\n\t\t<\/section>\n\t\t\t\t<section class=\"elementor-section elementor-top-section elementor-element elementor-element-5aa2db0 elementor-section-boxed elementor-section-height-default elementor-section-height-default\" data-id=\"5aa2db0\" data-element_type=\"section\" data-e-type=\"section\">\n\t\t\t\t\t\t<div class=\"elementor-container elementor-column-gap-default\">\n\t\t\t\t\t<div class=\"elementor-column elementor-col-100 elementor-top-column elementor-element elementor-element-3f03f06\" data-id=\"3f03f06\" data-element_type=\"column\" data-e-type=\"column\">\n\t\t\t<div class=\"elementor-widget-wrap elementor-element-populated\">\n\t\t\t\t\t\t<div class=\"elementor-element elementor-element-1f8fc99 elementor-widget elementor-widget-text-editor\" data-id=\"1f8fc99\" data-element_type=\"widget\" data-e-type=\"widget\" data-widget_type=\"text-editor.default\">\n\t\t\t\t<div class=\"elementor-widget-container\">\n\t\t\t\t\t\t\t\t\t<p><strong>Termin: Dienstags 16:00 &#8211; 17:30 Uhr ( 8 &#8211; 13 Jahre) sowie Freitags 15:00 &#8211; 16:00 Uhr und 16:00 &#8211; 17:00 Uhr (4 &#8211; 7 Jahre)<\/strong><\/p>\t\t\t\t\t\t\t\t<\/div>\n\t\t\t\t<\/div>\n\t\t\t\t\t<\/div>\n\t\t<\/div>\n\t\t\t\t\t<\/div>\n\t\t<\/section>\n\t\t\t\t<section class=\"elementor-section elementor-top-section elementor-element elementor-element-cb62a07 elementor-section-boxed elementor-section-height-default elementor-section-height-default\" data-id=\"cb62a07\" data-element_type=\"section\" data-e-type=\"section\">\n\t\t\t\t\t\t<div class=\"elementor-container elementor-column-gap-default\">\n\t\t\t\t\t<div class=\"elementor-column elementor-col-33 elementor-top-column elementor-element elementor-element-551ac30\" data-id=\"551ac30\" data-element_type=\"column\" data-e-type=\"column\">\n\t\t\t<div class=\"elementor-widget-wrap elementor-element-populated\">\n\t\t\t\t\t\t<div class=\"elementor-element elementor-element-b89dc6f elementor-widget elementor-widget-image\" data-id=\"b89dc6f\" data-element_type=\"widget\" data-e-type=\"widget\" data-widget_type=\"image.default\">\n\t\t\t\t<div class=\"elementor-widget-container\">\n\t\t\t\t\t\t\t\t\t\t\t\t<figure class=\"wp-caption\">\n\t\t\t\t\t\t\t\t\t\t<img decoding=\"async\" width=\"166\" height=\"182\" src=\"https:\/\/tv-menden.info\/wp-content\/uploads\/2024\/09\/8yaaue9l.png\" class=\"attachment-1536x1536 size-1536x1536 wp-image-2229\" alt=\"Anna Lesnikova\" \/>\t\t\t\t\t\t\t\t\t\t\t<figcaption class=\"widget-image-caption wp-caption-text\"><\/figcaption>\n\t\t\t\t\t\t\t\t\t\t<\/figure>\n\t\t\t\t\t\t\t\t\t<\/div>\n\t\t\t\t<\/div>\n\t\t\t\t<div class=\"elementor-element elementor-element-0103837 elementor-widget elementor-widget-text-editor\" data-id=\"0103837\" data-element_type=\"widget\" data-e-type=\"widget\" data-widget_type=\"text-editor.default\">\n\t\t\t\t<div class=\"elementor-widget-container\">\n\t\t\t\t\t\t\t\t\t<p>Anna Lesnikova<br>0176-93108558<\/p>\t\t\t\t\t\t\t\t<\/div>\n\t\t\t\t<\/div>\n\t\t\t\t\t<\/div>\n\t\t<\/div>\n\t\t\t\t<div class=\"elementor-column elementor-col-66 elementor-top-column elementor-element elementor-element-5e0c137\" data-id=\"5e0c137\" data-element_type=\"column\" data-e-type=\"column\">\n\t\t\t<div class=\"elementor-widget-wrap elementor-element-populated\">\n\t\t\t\t\t\t<div class=\"elementor-element elementor-element-c29d169 elementor-widget elementor-widget-text-editor\" data-id=\"c29d169\" data-element_type=\"widget\" data-e-type=\"widget\" data-widget_type=\"text-editor.default\">\n\t\t\t\t<div class=\"elementor-widget-container\">\n\t\t\t\t\t\t\t\t\t<p>Anna Lesnikova tanzt, seit sie vier Jahre alt ist. Ihre Leidenschaft gilt dem Sport- und Choreografietanz, in dem sie eine umfassende Ausbildung erhielt. W\u00e4hrend ihrer Ausbildung lernte sie nicht nur verschiedene Tanzstile, sondern auch Akrobatik und Gymnastik. Ihr Talent f\u00fchrte sie auf zahlreiche internationale Wettbewerbe und Festivals, sowohl im Inland als auch \u00fcber die Landesgrenzen hinaus. Mit ihrer Tanzgruppe errang sie mehrfach Auszeichnungen, belegte erste Pl\u00e4tze und gewann Grand Prix. Seit ihrem 18. Lebensjahr teilt Anna ihre Erfahrung und Leidenschaft mit der n\u00e4chsten Generation und trainiert junge T\u00e4nzerinnen und T\u00e4nzer. Jetzt freut sie sich, unsere jungen Turnerinnen und Turner zu trainieren.<\/p>\t\t\t\t\t\t\t\t<\/div>\n\t\t\t\t<\/div>\n\t\t\t\t\t<\/div>\n\t\t<\/div>\n\t\t\t\t\t<\/div>\n\t\t<\/section>\n\t\t\t\t<section class=\"elementor-section elementor-top-section elementor-element elementor-element-3c63a58 elementor-section-boxed elementor-section-height-default elementor-section-height-default\" data-id=\"3c63a58\" data-element_type=\"section\" data-e-type=\"section\">\n\t\t\t\t\t\t<div class=\"elementor-container elementor-column-gap-default\">\n\t\t\t\t\t<div class=\"elementor-column elementor-col-100 elementor-top-column elementor-element elementor-element-b70bee7\" data-id=\"b70bee7\" data-element_type=\"column\" data-e-type=\"column\">\n\t\t\t<div class=\"elementor-widget-wrap elementor-element-populated\">\n\t\t\t\t\t\t<div class=\"elementor-element elementor-element-f72a973 elementor-widget-divider--view-line elementor-widget elementor-widget-divider\" data-id=\"f72a973\" data-element_type=\"widget\" data-e-type=\"widget\" data-widget_type=\"divider.default\">\n\t\t\t\t<div class=\"elementor-widget-container\">\n\t\t\t\t\t\t\t<div class=\"elementor-divider\">\n\t\t\t<span class=\"elementor-divider-separator\">\n\t\t\t\t\t\t<\/span>\n\t\t<\/div>\n\t\t\t\t\t\t<\/div>\n\t\t\t\t<\/div>\n\t\t\t\t\t<\/div>\n\t\t<\/div>\n\t\t\t\t\t<\/div>\n\t\t<\/section>\n\t\t\t\t<section class=\"elementor-section elementor-top-section elementor-element elementor-element-7b89788 elementor-section-boxed elementor-section-height-default elementor-section-height-default\" data-id=\"7b89788\" data-element_type=\"section\" data-e-type=\"section\">\n\t\t\t\t\t\t<div class=\"elementor-container elementor-column-gap-default\">\n\t\t\t\t\t<div class=\"elementor-column elementor-col-100 elementor-top-column elementor-element elementor-element-1fb3a24\" data-id=\"1fb3a24\" data-element_type=\"column\" data-e-type=\"column\">\n\t\t\t<div class=\"elementor-widget-wrap elementor-element-populated\">\n\t\t\t\t\t\t<div class=\"elementor-element elementor-element-3cb6a5b elementor-widget elementor-widget-spacer\" data-id=\"3cb6a5b\" data-element_type=\"widget\" data-e-type=\"widget\" data-widget_type=\"spacer.default\">\n\t\t\t\t<div class=\"elementor-widget-container\">\n\t\t\t\t\t\t\t<div class=\"elementor-spacer\">\n\t\t\t<div class=\"elementor-spacer-inner\"><\/div>\n\t\t<\/div>\n\t\t\t\t\t\t<\/div>\n\t\t\t\t<\/div>\n\t\t\t\t\t<\/div>\n\t\t<\/div>\n\t\t\t\t\t<\/div>\n\t\t<\/section>\n\t\t\t\t<section class=\"elementor-section elementor-top-section elementor-element elementor-element-e9baee9 elementor-section-boxed elementor-section-height-default elementor-section-height-default\" data-id=\"e9baee9\" data-element_type=\"section\" data-e-type=\"section\">\n\t\t\t\t\t\t<div class=\"elementor-container elementor-column-gap-default\">\n\t\t\t\t\t<div class=\"elementor-column elementor-col-100 elementor-top-column elementor-element elementor-element-de095c1\" data-id=\"de095c1\" data-element_type=\"column\" data-e-type=\"column\">\n\t\t\t<div class=\"elementor-widget-wrap elementor-element-populated\">\n\t\t\t\t\t\t<div class=\"elementor-element elementor-element-c2a478b elementor-widget elementor-widget-heading\" data-id=\"c2a478b\" data-element_type=\"widget\" data-e-type=\"widget\" data-widget_type=\"heading.default\">\n\t\t\t\t<div class=\"elementor-widget-container\">\n\t\t\t\t\t<h4 class=\"elementor-heading-title elementor-size-default\">Bildergalerie Luftakrobatik und T\u00e4nzerische Gymanstik<\/h4>\t\t\t\t<\/div>\n\t\t\t\t<\/div>\n\t\t\t\t\t<\/div>\n\t\t<\/div>\n\t\t\t\t\t<\/div>\n\t\t<\/section>\n\t\t\t\t<section class=\"elementor-section elementor-top-section elementor-element elementor-element-596621f elementor-section-boxed elementor-section-height-default elementor-section-height-default\" data-id=\"596621f\" data-element_type=\"section\" data-e-type=\"section\">\n\t\t\t\t\t\t<div class=\"elementor-container elementor-column-gap-default\">\n\t\t\t\t\t<div class=\"elementor-column elementor-col-100 elementor-top-column elementor-element elementor-element-2328a03\" data-id=\"2328a03\" data-element_type=\"column\" data-e-type=\"column\">\n\t\t\t<div class=\"elementor-widget-wrap elementor-element-populated\">\n\t\t\t\t\t\t<div class=\"elementor-element elementor-element-bc8f9cf elementor-arrows-position-inside elementor-pagination-position-outside elementor-widget elementor-widget-image-carousel\" data-id=\"bc8f9cf\" data-element_type=\"widget\" data-e-type=\"widget\" data-settings=\"{&quot;navigation&quot;:&quot;both&quot;,&quot;autoplay&quot;:&quot;yes&quot;,&quot;pause_on_hover&quot;:&quot;yes&quot;,&quot;pause_on_interaction&quot;:&quot;yes&quot;,&quot;autoplay_speed&quot;:5000,&quot;infinite&quot;:&quot;yes&quot;,&quot;speed&quot;:500}\" data-widget_type=\"image-carousel.default\">\n\t\t\t\t<div class=\"elementor-widget-container\">\n\t\t\t\t\t\t\t<div class=\"elementor-image-carousel-wrapper swiper\" role=\"region\" aria-roledescription=\"carousel\" aria-label=\"Bild Karussell\" dir=\"ltr\">\n\t\t\t<div class=\"elementor-image-carousel swiper-wrapper\" aria-live=\"off\">\n\t\t\t\t\t\t\t\t<div class=\"swiper-slide\" role=\"group\" aria-roledescription=\"slide\" aria-label=\"1 von 5\"><figure class=\"swiper-slide-inner\"><img decoding=\"async\" class=\"swiper-slide-image\" src=\"https:\/\/tv-menden.info\/wp-content\/uploads\/2024\/05\/IMG-20240429-WA0002-e1714638958402-150x150.jpg\" alt=\"IMG-20240429-WA0002\" \/><\/figure><\/div><div class=\"swiper-slide\" role=\"group\" aria-roledescription=\"slide\" aria-label=\"2 von 5\"><figure class=\"swiper-slide-inner\"><img decoding=\"async\" class=\"swiper-slide-image\" src=\"https:\/\/tv-menden.info\/wp-content\/uploads\/2022\/02\/Tanz3-150x150.jpg\" alt=\"Tanz3\" \/><\/figure><\/div><div class=\"swiper-slide\" role=\"group\" aria-roledescription=\"slide\" aria-label=\"3 von 5\"><figure class=\"swiper-slide-inner\"><img decoding=\"async\" class=\"swiper-slide-image\" src=\"https:\/\/tv-menden.info\/wp-content\/uploads\/2024\/05\/IMG-20240429-WA0003.jpg\" alt=\"\" \/><\/figure><\/div><div class=\"swiper-slide\" role=\"group\" aria-roledescription=\"slide\" aria-label=\"4 von 5\"><figure class=\"swiper-slide-inner\"><img decoding=\"async\" class=\"swiper-slide-image\" src=\"https:\/\/tv-menden.info\/wp-content\/uploads\/2022\/02\/Tanz2-150x150.jpg\" alt=\"Tanz2\" \/><\/figure><\/div><div class=\"swiper-slide\" role=\"group\" aria-roledescription=\"slide\" aria-label=\"5 von 5\"><figure class=\"swiper-slide-inner\"><img decoding=\"async\" class=\"swiper-slide-image\" src=\"https:\/\/tv-menden.info\/wp-content\/uploads\/2024\/05\/IMG-20240429-WA0001-150x150.jpg\" alt=\"IMG-20240429-WA0001\" \/><\/figure><\/div>\t\t\t<\/div>\n\t\t\t\t\t\t\t\t\t\t\t\t<div class=\"elementor-swiper-button elementor-swiper-button-prev\" role=\"button\" tabindex=\"0\">\n\t\t\t\t\t\t<i aria-hidden=\"true\" class=\"eicon-chevron-left\"><\/i>\t\t\t\t\t<\/div>\n\t\t\t\t\t<div class=\"elementor-swiper-button elementor-swiper-button-next\" role=\"button\" tabindex=\"0\">\n\t\t\t\t\t\t<i aria-hidden=\"true\" class=\"eicon-chevron-right\"><\/i>\t\t\t\t\t<\/div>\n\t\t\t\t\n\t\t\t\t\t\t\t\t\t<div class=\"swiper-pagination\"><\/div>\n\t\t\t\t\t\t\t\t\t<\/div>\n\t\t\t\t\t\t<\/div>\n\t\t\t\t<\/div>\n\t\t\t\t\t<\/div>\n\t\t<\/div>\n\t\t\t\t\t<\/div>\n\t\t<\/section>\n\t\t\t\t<\/div>\n\t\t","protected":false},"excerpt":{"rendered":"<p>Termine: Mittwoch 16:30 Uhr und 17:30 Uhr sowie Freitag von 17:30 &#8211; 19:00 Uhr Luftakrobatik mit Diana Tauche ein in die Welt der Luftakrobatik und [&#8230;]<\/p>\n","protected":false},"author":1,"featured_media":0,"parent":0,"menu_order":0,"comment_status":"closed","ping_status":"closed","template":"","meta":{"footnotes":""},"class_list":["post-64","page","type-page","status-publish","hentry"],"jetpack_sharing_enabled":true,"_links":{"self":[{"href":"https:\/\/tv-menden.info\/index.php?rest_route=\/wp\/v2\/pages\/64","targetHints":{"allow":["GET"]}}],"collection":[{"href":"https:\/\/tv-menden.info\/index.php?rest_route=\/wp\/v2\/pages"}],"about":[{"href":"https:\/\/tv-menden.info\/index.php?rest_route=\/wp\/v2\/types\/page"}],"author":[{"embeddable":true,"href":"https:\/\/tv-menden.info\/index.php?rest_route=\/wp\/v2\/users\/1"}],"replies":[{"embeddable":true,"href":"https:\/\/tv-menden.info\/index.php?rest_route=%2Fwp%2Fv2%2Fcomments&post=64"}],"version-history":[{"count":67,"href":"https:\/\/tv-menden.info\/index.php?rest_route=\/wp\/v2\/pages\/64\/revisions"}],"predecessor-version":[{"id":2844,"href":"https:\/\/tv-menden.info\/index.php?rest_route=\/wp\/v2\/pages\/64\/revisions\/2844"}],"wp:attachment":[{"href":"https:\/\/tv-menden.info\/index.php?rest_route=%2Fwp%2Fv2%2Fmedia&parent=64"}],"curies":[{"name":"wp","href":"https:\/\/api.w.org\/{rel}","templated":true}]}}